{"id":15686,"date":"2020-11-11T08:50:28","date_gmt":"2020-11-11T11:50:28","guid":{"rendered":"https:\/\/depuramente.com\/?page_id=15686"},"modified":"2023-12-04T19:15:03","modified_gmt":"2023-12-04T22:15:03","slug":"contactame","status":"publish","type":"page","link":"https:\/\/depuramente.com\/index.php\/contactame\/","title":{"rendered":"Cont\u00e1ctame"},"content":{"rendered":"<p>[vc_row css_animation=&#8221;&#8221; row_type=&#8221;row&#8221; use_row_as_full_screen_section=&#8221;no&#8221; type=&#8221;full_width&#8221; angled_section=&#8221;no&#8221; text_align=&#8221;left&#8221; background_image_as_pattern=&#8221;without_pattern&#8221;][vc_column width=&#8221;1\/2&#8243;][vc_column_text]\u00a1Estoy para ayudarte![\/vc_column_text][vc_separator type=&#8221;transparent&#8221;][vc_column_text]Puedes escribirme un email para que sea m\u00e1s f\u00e1cil y pr\u00e1ctico:<\/p>\n<p>Email: <a href=\"mailto:hola@depuramente.com\">hola@depuramente.com<\/a>[\/vc_column_text][vc_separator type=&#8221;transparent&#8221;]<span class='q_social_icon_holder circle_social' ><a itemprop='url' href='https:\/\/www.facebook.com\/depuramente' target='_self'><span class='fa-stack fa-lg' style=''><i class=\"qode_icon_font_awesome fa fa-facebook \" style=\"\" ><\/i><\/span><\/a><\/span><span class='q_social_icon_holder circle_social' ><a itemprop='url' href='https:\/\/www.instagram.com\/depuramente' target='_self'><span class='fa-stack fa-lg' style=''><i class=\"qode_icon_font_awesome fa fa-instagram \" style=\"\" ><\/i><\/span><\/a><\/span>[\/vc_column][vc_column width=&#8221;1\/2&#8243;][\/vc_column][\/vc_row]<\/p>\n","protected":false},"excerpt":{"rendered":"<p>[vc_row css_animation=&#8221;&#8221; row_type=&#8221;row&#8221; use_row_as_full_screen_section=&#8221;no&#8221; type=&#8221;full_width&#8221; angled_section=&#8221;no&#8221; text_align=&#8221;left&#8221; background_image_as_pattern=&#8221;without_pattern&#8221;][vc_column width=&#8221;1\/2&#8243;][vc_column_text]\u00a1Estoy para ayudarte![\/vc_column_text][vc_separator type=&#8221;transparent&#8221;][vc_column_text]Puedes escribirme un email para que sea m\u00e1s f\u00e1cil y pr\u00e1ctico: Email: hola@depuramente.com[\/vc_column_text][vc_separator type=&#8221;transparent&#8221;][\/vc_column][vc_column width=&#8221;1\/2&#8243;][\/vc_column][\/vc_row]<\/p>\n","protected":false},"author":1,"featured_media":0,"parent":0,"menu_order":0,"comment_status":"closed","ping_status":"closed","template":"","meta":{"footnotes":""},"class_list":["post-15686","page","type-page","status-publish","hentry"],"_links":{"self":[{"href":"https:\/\/depuramente.com\/index.php\/wp-json\/wp\/v2\/pages\/15686","targetHints":{"allow":["GET"]}}],"collection":[{"href":"https:\/\/depuramente.com\/index.php\/wp-json\/wp\/v2\/pages"}],"about":[{"href":"https:\/\/depuramente.com\/index.php\/wp-json\/wp\/v2\/types\/page"}],"author":[{"embeddable":true,"href":"https:\/\/depuramente.com\/index.php\/wp-json\/wp\/v2\/users\/1"}],"replies":[{"embeddable":true,"href":"https:\/\/depuramente.com\/index.php\/wp-json\/wp\/v2\/comments?post=15686"}],"version-history":[{"count":12,"href":"https:\/\/depuramente.com\/index.php\/wp-json\/wp\/v2\/pages\/15686\/revisions"}],"predecessor-version":[{"id":15883,"href":"https:\/\/depuramente.com\/index.php\/wp-json\/wp\/v2\/pages\/15686\/revisions\/15883"}],"wp:attachment":[{"href":"https:\/\/depuramente.com\/index.php\/wp-json\/wp\/v2\/media?parent=15686"}],"curies":[{"name":"wp","href":"https:\/\/api.w.org\/{rel}","templated":true}]}}