{"id":15397,"date":"2014-12-15T22:55:21","date_gmt":"2014-12-15T22:55:21","guid":{"rendered":"http:\/\/demo.qodeinteractive.com\/bridge56\/?page_id=15397"},"modified":"2023-11-08T00:37:02","modified_gmt":"2023-11-08T03:37:02","slug":"depuramente","status":"publish","type":"page","link":"https:\/\/depuramente.com\/index.php\/depuramente\/","title":{"rendered":"DepuraMente"},"content":{"rendered":"<p>[vc_row css_animation=&#8221;&#8221; row_type=&#8221;row&#8221; use_row_as_full_screen_section=&#8221;no&#8221; type=&#8221;grid&#8221; angled_section=&#8221;no&#8221; text_align=&#8221;left&#8221; background_image_as_pattern=&#8221;without_pattern&#8221; background_color=&#8221;#f4f5f9&#8243; padding_bottom=&#8221;50&#8243; z_index=&#8221;&#8221;][vc_column width=&#8221;1\/2&#8243;][vc_separator type=&#8221;transparent&#8221; up=&#8221;23&#8243; down=&#8221;0&#8243;][vc_column_text]<\/p>\n<h5 style=\"text-align: left;\">\u00bfQU\u00c9 ES DEPURAMENTE?<\/h5>\n<p>[\/vc_column_text][vc_separator type=&#8221;transparent&#8221; up=&#8221;23&#8243; down=&#8221;0&#8243;][vc_column_text]Es un programa dedicado a revertir y prevenir enfermedades causadas por el excesivo consumo de carbohidratos en la alimentaci\u00f3n moderna, basado en motivar a las personas que padecen de alguna enfermedad hormonal y metab\u00f3lica a cambiar hacia un estilo de vida saludable partiendo de 3 pilares fundamentales:[\/vc_column_text][vc_separator type=&#8221;transparent&#8221; up=&#8221;27&#8243; down=&#8221;0&#8243;]<div class='q_icon_with_title medium custom_icon_image '><div class=\"icon_holder \" style=\" \"><img decoding=\"async\" itemprop=\"image\" style=\"\" src=\"https:\/\/depuramente.com\/wp-content\/uploads\/2020\/11\/alimentacion-1.png\" alt=\"\"><\/div><div class=\"icon_text_holder\" style=\"\"><div class=\"icon_text_inner\" style=\"\"><h5 class=\"icon_title\" style=\"\">ALIMENTACI\u00d3N CETOG\u00c9NICA<\/h5><p style=''><\/p><\/div><\/div><\/div>[vc_separator type=&#8221;transparent&#8221; up=&#8221;27&#8243; down=&#8221;0&#8243;]<div class='q_icon_with_title medium custom_icon_image '><div class=\"icon_holder \" style=\" \"><img decoding=\"async\" itemprop=\"image\" style=\"\" src=\"https:\/\/depuramente.com\/wp-content\/uploads\/2020\/11\/ayuno.png\" alt=\"\"><\/div><div class=\"icon_text_holder\" style=\"\"><div class=\"icon_text_inner\" style=\"\"><h5 class=\"icon_title\" style=\"\">AYUNO INTERMITENTE<\/h5><p style=''><\/p><\/div><\/div><\/div>[vc_separator type=&#8221;transparent&#8221; up=&#8221;27&#8243; down=&#8221;0&#8243;]<div class='q_icon_with_title medium custom_icon_image '><div class=\"icon_holder \" style=\" \"><img decoding=\"async\" itemprop=\"image\" style=\"\" src=\"https:\/\/depuramente.com\/wp-content\/uploads\/2020\/11\/motivacion.png\" alt=\"\"><\/div><div class=\"icon_text_holder\" style=\"\"><div class=\"icon_text_inner\" style=\"\"><h5 class=\"icon_title\" style=\"\">MOTIVACI\u00d3N<\/h5><p style=''><\/p><\/div><\/div><\/div>[\/vc_column][vc_column width=&#8221;1\/2&#8243;][vc_separator type=&#8221;transparent&#8221; up=&#8221;23&#8243; down=&#8221;0&#8243;][vc_single_image image=&#8221;15681&#8243; img_size=&#8221;full&#8221; qode_css_animation=&#8221;&#8221;][\/vc_column][\/vc_row][vc_row css_animation=&#8221;&#8221; row_type=&#8221;row&#8221; use_row_as_full_screen_section=&#8221;no&#8221; type=&#8221;grid&#8221; angled_section=&#8221;no&#8221; text_align=&#8221;left&#8221; background_image_as_pattern=&#8221;without_pattern&#8221; background_color=&#8221;#f4f5f9&#8243; padding_bottom=&#8221;50&#8243; z_index=&#8221;&#8221;][vc_column width=&#8221;1\/2&#8243;][vc_separator type=&#8221;transparent&#8221; up=&#8221;60&#8243; down=&#8221;0&#8243;][vc_single_image image=&#8221;15682&#8243; img_size=&#8221;full&#8221; qode_css_animation=&#8221;&#8221;][\/vc_column][vc_column width=&#8221;1\/2&#8243;][vc_separator type=&#8221;transparent&#8221; up=&#8221;60&#8243; down=&#8221;0&#8243;][vc_column_text]La Alimentaci\u00f3n Cetog\u00e9nica y el Ayuno Intermitente desempe\u00f1an un papel fundamental en el tratamiento de las enfermedades metab\u00f3licas. Se basa en el consumo de las grasas provenientes de la alimentaci\u00f3n para la producci\u00f3n de cuerpos cet\u00f3nicos como fuente de energ\u00eda, produciendo estado de cetosis, contrario a la alimentaci\u00f3n tradicional basada en carbohidratos que activan la Insulina que producen como consecuencia un desbalance hormonal y metab\u00f3lico, desencadenando enfermedades tales como: Insulinorresistencia, Obesidad, Diabetes tipo 2, Hipotiroidismo, S\u00edndrome de Ovario Poliqu\u00edstico entre otras.<\/p>\n<p>Depuramente ofrece un programa personalizado, que consta de 4 etapas con una duraci\u00f3n total de 4 meses, donde obtendr\u00e1s los conocimientos, herramientas y motivaci\u00f3n necesarios para lograr tu objetivo: Recuperar tu salud aliment\u00e1ndonos con <strong>comida real<\/strong>.<\/p>\n<p>\u00a1No es una dieta, es un estilo de vida![\/vc_column_text][\/vc_column][\/vc_row][vc_row css_animation=&#8221;&#8221; row_type=&#8221;row&#8221; use_row_as_full_screen_section=&#8221;no&#8221; type=&#8221;grid&#8221; angled_section=&#8221;no&#8221; text_align=&#8221;center&#8221; background_image_as_pattern=&#8221;without_pattern&#8221; z_index=&#8221;&#8221; background_color=&#8221;#f4f5f9&#8243; padding_bottom=&#8221;50&#8243;][vc_column][vc_column_text]<\/p>\n<h4>Depuramente<strong>\u00a0<\/strong>se divide en 4 etapas a fin de poner a tono tu Metabolismo y as\u00ed evitar los procesos de estancamiento que puedan ocurrir:<\/h4>\n<p>[\/vc_column_text][vc_row_inner row_type=&#8221;row&#8221; type=&#8221;grid&#8221; text_align=&#8221;center&#8221; css_animation=&#8221;&#8221; padding_top=&#8221;50&#8243; padding_bottom=&#8221;20&#8243;][vc_column_inner width=&#8221;1\/4&#8243;]<div class='q_icon_with_title medium custom_icon_image center '><div class=\"icon_holder \" style=\" \"><img decoding=\"async\" itemprop=\"image\" style=\"\" src=\"https:\/\/depuramente.com\/wp-content\/uploads\/2020\/11\/icono-5.png\" alt=\"\"><\/div><div class=\"icon_text_holder\" style=\"\"><div class=\"icon_text_inner\" style=\"\"><h5 class=\"icon_title\" style=\"\">DEPURACI\u00d3N<\/h5><p style=''><\/p><\/div><\/div><\/div>[\/vc_column_inner][vc_column_inner width=&#8221;1\/4&#8243;]<div class='q_icon_with_title medium custom_icon_image center '><div class=\"icon_holder \" style=\" \"><img decoding=\"async\" itemprop=\"image\" style=\"\" src=\"https:\/\/depuramente.com\/wp-content\/uploads\/2020\/11\/icono-6.png\" alt=\"\"><\/div><div class=\"icon_text_holder\" style=\"\"><div class=\"icon_text_inner\" style=\"\"><h5 class=\"icon_title\" style=\"\">CONSUMO BAJO DE CARBOHIDRATOS ADICIONALES<\/h5><p style=''><\/p><\/div><\/div><\/div>[\/vc_column_inner][vc_column_inner width=&#8221;1\/4&#8243;]<div class='q_icon_with_title medium custom_icon_image center '><div class=\"icon_holder \" style=\" \"><img decoding=\"async\" itemprop=\"image\" style=\"\" src=\"https:\/\/depuramente.com\/wp-content\/uploads\/2020\/11\/icono-7.png\" alt=\"\"><\/div><div class=\"icon_text_holder\" style=\"\"><div class=\"icon_text_inner\" style=\"\"><h5 class=\"icon_title\" style=\"\">MIXTA<\/h5><p style=''><\/p><\/div><\/div><\/div>[\/vc_column_inner][vc_column_inner width=&#8221;1\/4&#8243;]<div class='q_icon_with_title medium custom_icon_image center '><div class=\"icon_holder \" style=\" \"><img decoding=\"async\" itemprop=\"image\" style=\"\" src=\"https:\/\/depuramente.com\/wp-content\/uploads\/2020\/11\/icono-8.png\" alt=\"\"><\/div><div class=\"icon_text_holder\" style=\"\"><div class=\"icon_text_inner\" style=\"\"><h5 class=\"icon_title\" style=\"\">OMAD<\/h5><p style=''><\/p><\/div><\/div><\/div>[\/vc_column_inner][\/vc_row_inner][vc_row_inner row_type=&#8221;row&#8221; type=&#8221;full_width&#8221; text_align=&#8221;center&#8221; css_animation=&#8221;&#8221;][vc_column_inner][vc_column_text]<em>*El Programa incluye estas 4 etapas de manera sucesiva.\u00a0<\/em>[\/vc_column_text][\/vc_column_inner][\/vc_row_inner][\/vc_column][\/vc_row][vc_row css_animation=&#8221;&#8221; row_type=&#8221;row&#8221; use_row_as_full_screen_section=&#8221;no&#8221; type=&#8221;full_width&#8221; angled_section=&#8221;no&#8221; text_align=&#8221;left&#8221; background_image_as_pattern=&#8221;without_pattern&#8221;][vc_column]<div class=\"call_to_action normal\" style=\"\"><div class=\"container_inner\"><div class=\"two_columns_75_25 clearfix\"><div class=\"text_wrapper column1\"><div class=\"call_to_action_text \" style=\"\">\u00bfQuieres recibir toda la informaci\u00f3n de mi Programa?<\/div><\/div><div class=\"button_wrapper column2\"><a itemprop=\"url\" href=\"javascript: void(0)\" class=\"qbutton white \" target=\"\" style=\"\" >\u00a1H\u00e1blame a WhatsApp!<\/a><\/div><\/div><\/div><\/div>[\/vc_column][\/vc_row]<\/p>\n","protected":false},"excerpt":{"rendered":"<p>[vc_row css_animation=&#8221;&#8221; row_type=&#8221;row&#8221; use_row_as_full_screen_section=&#8221;no&#8221; type=&#8221;grid&#8221; angled_section=&#8221;no&#8221; text_align=&#8221;left&#8221; background_image_as_pattern=&#8221;without_pattern&#8221; background_color=&#8221;#f4f5f9&#8243; padding_bottom=&#8221;50&#8243; z_index=&#8221;&#8221;][vc_column width=&#8221;1\/2&#8243;][vc_separator type=&#8221;transparent&#8221; up=&#8221;23&#8243; down=&#8221;0&#8243;][vc_column_text] \u00bfQU\u00c9 ES DEPURAMENTE? [\/vc_column_text][vc_separator type=&#8221;transparent&#8221; up=&#8221;23&#8243; down=&#8221;0&#8243;][vc_column_text]Es un programa dedicado a revertir y prevenir enfermedades causadas por el excesivo consumo de carbohidratos en la alimentaci\u00f3n moderna, basado en motivar a&#8230;<\/p>\n","protected":false},"author":1,"featured_media":0,"parent":0,"menu_order":0,"comment_status":"open","ping_status":"open","template":"full_width.php","meta":{"footnotes":""},"class_list":["post-15397","page","type-page","status-publish","hentry"],"_links":{"self":[{"href":"https:\/\/depuramente.com\/index.php\/wp-json\/wp\/v2\/pages\/15397","targetHints":{"allow":["GET"]}}],"collection":[{"href":"https:\/\/depuramente.com\/index.php\/wp-json\/wp\/v2\/pages"}],"about":[{"href":"https:\/\/depuramente.com\/index.php\/wp-json\/wp\/v2\/types\/page"}],"author":[{"embeddable":true,"href":"https:\/\/depuramente.com\/index.php\/wp-json\/wp\/v2\/users\/1"}],"replies":[{"embeddable":true,"href":"https:\/\/depuramente.com\/index.php\/wp-json\/wp\/v2\/comments?post=15397"}],"version-history":[{"count":13,"href":"https:\/\/depuramente.com\/index.php\/wp-json\/wp\/v2\/pages\/15397\/revisions"}],"predecessor-version":[{"id":15775,"href":"https:\/\/depuramente.com\/index.php\/wp-json\/wp\/v2\/pages\/15397\/revisions\/15775"}],"wp:attachment":[{"href":"https:\/\/depuramente.com\/index.php\/wp-json\/wp\/v2\/media?parent=15397"}],"curies":[{"name":"wp","href":"https:\/\/api.w.org\/{rel}","templated":true}]}}