{"id":15369,"date":"2014-12-11T23:48:04","date_gmt":"2014-12-11T23:48:04","guid":{"rendered":"http:\/\/demo.qodeinteractive.com\/bridge56\/?page_id=15369"},"modified":"2023-11-08T00:36:17","modified_gmt":"2023-11-08T03:36:17","slug":"sobremi","status":"publish","type":"page","link":"https:\/\/depuramente.com\/index.php\/sobremi\/","title":{"rendered":"Sobre Mi"},"content":{"rendered":"<p>[vc_row css_animation=&#8221;&#8221; row_type=&#8221;row&#8221; use_row_as_full_screen_section=&#8221;no&#8221; type=&#8221;grid&#8221; angled_section=&#8221;no&#8221; text_align=&#8221;left&#8221; background_image_as_pattern=&#8221;without_pattern&#8221; background_color=&#8221;#f4f5f9&#8243; padding_bottom=&#8221;50&#8243; z_index=&#8221;&#8221;][vc_column width=&#8221;1\/2&#8243;][vc_separator type=&#8221;transparent&#8221; up=&#8221;90&#8243; down=&#8221;0&#8243;][vc_single_image image=&#8221;15632&#8243; img_size=&#8221;full&#8221; qode_css_animation=&#8221;&#8221;][\/vc_column][vc_column width=&#8221;1\/2&#8243;][vc_separator type=&#8221;transparent&#8221; up=&#8221;90&#8243; down=&#8221;0&#8243;][vc_column_text]<\/p>\n<h5 style=\"text-align: left;\">\u00a1Hola! Soy la Dra. Mar\u00eda Jos\u00e9 Navas<\/h5>\n<p>[\/vc_column_text][vc_separator type=&#8221;transparent&#8221; up=&#8221;23&#8243; down=&#8221;0&#8243;][vc_column_text]Soy M\u00e9dico Cirujano de la Universidad del Zulia (Venezuela), formo parte de este estilo de vida cetog\u00e9nico desde 2018 y tengo experiencia en pacientes con distintas patolog\u00edas hormonales y metab\u00f3licas que se han logrado revertir de manera satisfactoria.<\/p>\n<p>&nbsp;<\/p>\n<p>Poseo amplia trayectoria en Venezuela, Guatemala y Argentina como m\u00e9dico promotora de la salud y de atenci\u00f3n primaria, emergencia de adultos (trauma shock y cirug\u00eda general), Unidad de Cuidados Intensivos y colaboradora del plan de contingencia COVID de la Provincia de Buenos Aires, Argentina al inicio de la pandemia.<\/p>\n<p>&nbsp;<\/p>\n<p>Formo parte de la legi\u00f3n Low Carb USA (Los Angeles, CA). Fomento la Alimentaci\u00f3n Cetog\u00e9nica (Low Carb, High Fat) y Ayuno Intermitente, ayudando a mis pacientes a recuperar su salud, logrando transformaciones hacia una mejor y mayor calidad de vida.[\/vc_column_text][\/vc_column][\/vc_row][vc_row css_animation=&#8221;&#8221; row_type=&#8221;row&#8221; use_row_as_full_screen_section=&#8221;no&#8221; type=&#8221;grid&#8221; angled_section=&#8221;no&#8221; text_align=&#8221;left&#8221; background_image_as_pattern=&#8221;without_pattern&#8221; background_color=&#8221;#f4f5f9&#8243; padding_bottom=&#8221;50&#8243; z_index=&#8221;&#8221;][vc_column width=&#8221;1\/2&#8243;][vc_column_text]<\/p>\n<h5 style=\"text-align: left;\">Mis pasos hacia la Alimentaci\u00f3n Cetog\u00e9nica<\/h5>\n<p>[\/vc_column_text][vc_separator type=&#8221;transparent&#8221; up=&#8221;23&#8243; down=&#8221;0&#8243;][vc_column_text]Soy entusiasta y promotora de la Alimentaci\u00f3n Cetog\u00e9nica (Low Carb, High Fat) y Ayuno Intermitente, con experiencia en pacientes con desequilibrio hormonal y metab\u00f3lico producto del sobrepeso y la obesidad que se han logrado revertir satisfactoriamente, de forma natural, dejando en muchas oportunidades tratamientos farmacol\u00f3gicos de larga data, con tan solo ense\u00f1arles a alimentarse y ayunar, disfrutando de los beneficios que ambas pr\u00e1cticas aportan para la salud logrando transformaciones hacia una mejor y mayor calidad de vida.<\/p>\n<p>&nbsp;<\/p>\n<p>Incursion\u00e9 en este estilo de vida luego de padecer por m\u00e1s 10 a\u00f1os de Colitis Ulcerosa y de Es\u00f3fago de Barret. Tras experimentar diferentes tratamientos farmacol\u00f3gicos y m\u00faltiples protocolos alimenticios (hiperproteica, hipo e hipercal\u00f3rica, batidos, jugos detox, entre otros) lograba cierta mejor\u00eda de la sintomatolog\u00eda por unos meses, pero no lograba revertir por completo la enfermedad y entonces me encontr\u00e9 con la alimentaci\u00f3n cetog\u00e9nica.<\/p>\n<p>&nbsp;<\/p>\n<p>[\/vc_column_text][\/vc_column][vc_column width=&#8221;1\/2&#8243;][vc_single_image image=&#8221;15644&#8243; img_size=&#8221;full&#8221; qode_css_animation=&#8221;&#8221;][\/vc_column][\/vc_row][vc_row css_animation=&#8221;&#8221; row_type=&#8221;row&#8221; use_row_as_full_screen_section=&#8221;no&#8221; type=&#8221;grid&#8221; angled_section=&#8221;no&#8221; text_align=&#8221;left&#8221; background_image_as_pattern=&#8221;without_pattern&#8221; z_index=&#8221;&#8221; background_color=&#8221;#f4f5f9&#8243;][vc_column][vc_column_text]El alto consumo de carbohidratos procesados, azucarados y almidonados, impactan negativamente en tu salud. Por m\u00e1s que sientas que en ese momento que los consumes, no padeces ning\u00fan s\u00edntoma o enfermedad, al contrario te generan adicci\u00f3n a ellos y te aseguro no pasar\u00e1 mucho tiempo hasta que comiences a notar que aumentas de peso (no fue mi caso) o comienzas a vivir los estragos de la constante hiperinsulinemia en tu vida (obesidad, insulinorresistencia, hipotiroidismo, diabetes, s\u00edndrome metab\u00f3lico, hipertensi\u00f3n, h\u00edgado graso, entre otras)<\/p>\n<p>&nbsp;<\/p>\n<p>Es preciso recordar que la pr\u00e1ctica de ayunar es ancestral y voluntaria. Nuestro cuerpo est\u00e1 dise\u00f1ado para ayunar.[\/vc_column_text][\/vc_column][\/vc_row][vc_row css_animation=&#8221;&#8221; row_type=&#8221;row&#8221; use_row_as_full_screen_section=&#8221;no&#8221; type=&#8221;full_width&#8221; angled_section=&#8221;no&#8221; text_align=&#8221;left&#8221; background_image_as_pattern=&#8221;without_pattern&#8221; z_index=&#8221;&#8221; padding_top=&#8221;60&#8243; background_color=&#8221;#f4f5f9&#8243;][vc_column]<div class=\"call_to_action normal\" style=\"\"><div class=\"container_inner\"><div class=\"two_columns_75_25 clearfix\"><div class=\"text_wrapper column1\"><div class=\"call_to_action_text \" style=\"\">\u00bfQuieres conocer mi programa Depuramente?<\/div><\/div><div class=\"button_wrapper column2\"><a itemprop=\"url\" href=\"https:\/\/depuramente.com\/index.php\/depuramente\/\" class=\"qbutton white \" target=\"\" style=\"\" >\u00a1Si quiero!<\/a><\/div><\/div><\/div><\/div>[\/vc_column][\/vc_row]<\/p>\n","protected":false},"excerpt":{"rendered":"<p>[vc_row css_animation=&#8221;&#8221; row_type=&#8221;row&#8221; use_row_as_full_screen_section=&#8221;no&#8221; type=&#8221;grid&#8221; angled_section=&#8221;no&#8221; text_align=&#8221;left&#8221; background_image_as_pattern=&#8221;without_pattern&#8221; background_color=&#8221;#f4f5f9&#8243; padding_bottom=&#8221;50&#8243; z_index=&#8221;&#8221;][vc_column width=&#8221;1\/2&#8243;][vc_separator type=&#8221;transparent&#8221; up=&#8221;90&#8243; down=&#8221;0&#8243;][vc_single_image image=&#8221;15632&#8243; img_size=&#8221;full&#8221; qode_css_animation=&#8221;&#8221;][\/vc_column][vc_column width=&#8221;1\/2&#8243;][vc_separator type=&#8221;transparent&#8221; up=&#8221;90&#8243; down=&#8221;0&#8243;][vc_column_text] \u00a1Hola! Soy la Dra. Mar\u00eda Jos\u00e9 Navas [\/vc_column_text][vc_separator type=&#8221;transparent&#8221; up=&#8221;23&#8243; down=&#8221;0&#8243;][vc_column_text]Soy M\u00e9dico Cirujano de la Universidad del Zulia (Venezuela), formo parte de este&#8230;<\/p>\n","protected":false},"author":1,"featured_media":0,"parent":0,"menu_order":0,"comment_status":"open","ping_status":"open","template":"full_width.php","meta":{"footnotes":""},"class_list":["post-15369","page","type-page","status-publish","hentry"],"_links":{"self":[{"href":"https:\/\/depuramente.com\/index.php\/wp-json\/wp\/v2\/pages\/15369","targetHints":{"allow":["GET"]}}],"collection":[{"href":"https:\/\/depuramente.com\/index.php\/wp-json\/wp\/v2\/pages"}],"about":[{"href":"https:\/\/depuramente.com\/index.php\/wp-json\/wp\/v2\/types\/page"}],"author":[{"embeddable":true,"href":"https:\/\/depuramente.com\/index.php\/wp-json\/wp\/v2\/users\/1"}],"replies":[{"embeddable":true,"href":"https:\/\/depuramente.com\/index.php\/wp-json\/wp\/v2\/comments?post=15369"}],"version-history":[{"count":8,"href":"https:\/\/depuramente.com\/index.php\/wp-json\/wp\/v2\/pages\/15369\/revisions"}],"predecessor-version":[{"id":15750,"href":"https:\/\/depuramente.com\/index.php\/wp-json\/wp\/v2\/pages\/15369\/revisions\/15750"}],"wp:attachment":[{"href":"https:\/\/depuramente.com\/index.php\/wp-json\/wp\/v2\/media?parent=15369"}],"curies":[{"name":"wp","href":"https:\/\/api.w.org\/{rel}","templated":true}]}}