{"id":14869,"date":"2014-05-20T07:51:11","date_gmt":"2014-05-20T07:51:11","guid":{"rendered":"http:\/\/demo.qodeinteractive.com\/bridge56\/?page_id=14869"},"modified":"2025-01-17T23:03:39","modified_gmt":"2025-01-18T02:03:39","slug":"home","status":"publish","type":"page","link":"https:\/\/depuramente.com\/","title":{"rendered":"Home"},"content":{"rendered":"<p>[vc_row css_animation=&#8221;&#8221; row_type=&#8221;row&#8221; use_row_as_full_screen_section=&#8221;no&#8221; type=&#8221;full_width&#8221; angled_section=&#8221;no&#8221; text_align=&#8221;left&#8221; background_image_as_pattern=&#8221;without_pattern&#8221; background_color=&#8221;#ffffff&#8221;][vc_column][vc_separator type=&#8221;normal&#8221; color=&#8221;#e74c3c&#8221; thickness=&#8221;8&#8243; up=&#8221;0&#8243; down=&#8221;0&#8243;][\/vc_column][\/vc_row][vc_row css_animation=&#8221;&#8221; row_type=&#8221;row&#8221; use_row_as_full_screen_section=&#8221;no&#8221; type=&#8221;grid&#8221; angled_section=&#8221;no&#8221; text_align=&#8221;center&#8221; background_image_as_pattern=&#8221;without_pattern&#8221; padding_top=&#8221;100&#8243; padding_bottom=&#8221;110&#8243; background_color=&#8221;#ffffff&#8221; z_index=&#8221;&#8221;][vc_column offset=&#8221;vc_col-lg-offset-1 vc_col-lg-10 vc_col-md-offset-1 vc_col-md-10 vc_col-xs-12&#8243;][vc_column_text]<\/p>\n<h3 style=\"text-align: center;\">\u00bfEst\u00e1s lista para DEPURAR tu Mente?<\/h3>\n<p>[\/vc_column_text][vc_separator type=&#8221;small&#8221; position=&#8221;center&#8221; up=&#8221;17&#8243; down=&#8221;20&#8243; color=&#8221;#e74c3c&#8221; thickness=&#8221;2&#8243;][vc_column_text]Depuramente es un programa dise\u00f1ado para revertir y a prevenir enfermedades endocrino-metab\u00f3licas, causadas por el alto consumo de carbohidratos procesados en la alimentaci\u00f3n moderna, combatiendo el sobrepeso y la obesidad como principales motivos de consulta, a trav\u00e9s de 3 pilares fundamentales:[\/vc_column_text][\/vc_column][\/vc_row][vc_row css_animation=&#8221;&#8221; row_type=&#8221;row&#8221; use_row_as_full_screen_section=&#8221;no&#8221; type=&#8221;grid&#8221; angled_section=&#8221;no&#8221; text_align=&#8221;left&#8221; background_image_as_pattern=&#8221;without_pattern&#8221; background_color=&#8221;#ffffff&#8221; padding_bottom=&#8221;20&#8243; z_index=&#8221;&#8221;][vc_column width=&#8221;1\/3&#8243;]<div class='q_icon_with_title large custom_icon_image center '><div class=\"icon_holder \" style=\" \"><img decoding=\"async\" itemprop=\"image\" style=\"\" src=\"https:\/\/depuramente.com\/wp-content\/uploads\/2020\/11\/alimentacion-1.png\" alt=\"\"><\/div><div class=\"icon_text_holder\" style=\"\"><div class=\"icon_text_inner\" style=\"\"><h5 class=\"icon_title\" style=\"\">ALIMENTACI\u00d3N CETOG\u00c9NICA<\/h5><p style=''>Basada en alto consumo de nutrientes densos provenientes de grasas saludables, que aportan saciedad, prote\u00ednas de origen animal y bajo consumo de carbohidratos provenientes de los vegetales verdes no almidonados, para lograr un estado de cetosis nutricional, donde la grasa se convierte en fuente principal de energ\u00eda para nuestro organismo.<\/p><\/div><\/div><\/div>[vc_separator type=&#8221;transparent&#8221; up=&#8221;67&#8243; down=&#8221;0&#8243;][\/vc_column][vc_column width=&#8221;1\/3&#8243;]<div class='q_icon_with_title large custom_icon_image center '><div class=\"icon_holder \" style=\" \"><img decoding=\"async\" itemprop=\"image\" style=\"\" src=\"https:\/\/depuramente.com\/wp-content\/uploads\/2020\/11\/ayuno.png\" alt=\"\"><\/div><div class=\"icon_text_holder\" style=\"\"><div class=\"icon_text_inner\" style=\"\"><h5 class=\"icon_title\" style=\"\">AYUNO INTERMITENTE<\/h5><p style=''>Es una pr\u00e1ctica voluntaria basada en la restricci\u00f3n del consumo de alimentos durante varias horas del d\u00eda, alternados con ventanas de alimentaci\u00f3n, utilizando la grasa corporal como fuente de energ\u00eda para lograr estado de cetosis metab\u00f3lica.<\/p><\/div><\/div><\/div>[vc_separator type=&#8221;transparent&#8221; up=&#8221;67&#8243; down=&#8221;0&#8243;][\/vc_column][vc_column width=&#8221;1\/3&#8243;]<div class='q_icon_with_title large custom_icon_image center '><div class=\"icon_holder \" style=\" \"><img decoding=\"async\" itemprop=\"image\" style=\"\" src=\"https:\/\/depuramente.com\/wp-content\/uploads\/2020\/11\/motivacion.png\" alt=\"\"><\/div><div class=\"icon_text_holder\" style=\"\"><div class=\"icon_text_inner\" style=\"\"><h5 class=\"icon_title\" style=\"\">MOTIVACI\u00d3N<\/h5><p style=''>De la mano de la asesor\u00eda personalizada, te gu\u00edo a aprender c\u00f3mo alimentarte, ayunar, y junto a la actividad f\u00edsica incorporar de manera progresiva nuevos h\u00e1bitos saludables que formar\u00e1n parte de un nuevo estilo de vida.<\/p><\/div><\/div><\/div>[vc_separator type=&#8221;transparent&#8221; up=&#8221;67&#8243; down=&#8221;0&#8243;][\/vc_column][\/vc_row][vc_row css_animation=&#8221;&#8221; row_type=&#8221;row&#8221; use_row_as_full_screen_section=&#8221;no&#8221; type=&#8221;grid&#8221; angled_section=&#8221;no&#8221; text_align=&#8221;center&#8221; background_image_as_pattern=&#8221;without_pattern&#8221; background_color=&#8221;#ffffff&#8221; z_index=&#8221;&#8221;][vc_column]<a  itemprop=\"url\" href=\"https:\/\/depuramente.com\/index.php\/depuramente\/\" target=\"_self\"  class=\"qbutton  default\" style=\"\">\u00a1Quiero conocer el Programa!<\/a>[vc_separator type=&#8221;transparent&#8221; up=&#8221;67&#8243; down=&#8221;0&#8243;][\/vc_column][\/vc_row][vc_row css_animation=&#8221;&#8221; row_type=&#8221;row&#8221; use_row_as_full_screen_section=&#8221;no&#8221; type=&#8221;grid&#8221; angled_section=&#8221;no&#8221; text_align=&#8221;left&#8221; background_image_as_pattern=&#8221;without_pattern&#8221; background_color=&#8221;#f4f5f9&#8243; padding_top=&#8221;80&#8243; z_index=&#8221;&#8221;][vc_column offset=&#8221;vc_col-lg-offset-1 vc_col-lg-10 vc_col-md-offset-1 vc_col-md-10 vc_col-xs-12&#8243;][vc_column_text]<\/p>\n<h3 style=\"text-align: center;\">DETR\u00c1S DE DEPURAMENTE<\/h3>\n<p>[\/vc_column_text][vc_separator type=&#8221;small&#8221; position=&#8221;center&#8221; up=&#8221;17&#8243; down=&#8221;20&#8243; color=&#8221;#e74c3c&#8221; thickness=&#8221;2&#8243;][vc_column_text]<\/p>\n<h4 style=\"text-align: center;\">\u00a1Hola! Soy la Dra. Mar\u00eda Jos\u00e9 Navas, m\u00e9dico cirujano venezolana y formo parte de este estilo de vida cetog\u00e9nico desde 2018.<\/h4>\n<p>[\/vc_column_text][\/vc_column][\/vc_row][vc_row css_animation=&#8221;&#8221; row_type=&#8221;row&#8221; use_row_as_full_screen_section=&#8221;no&#8221; type=&#8221;grid&#8221; angled_section=&#8221;no&#8221; text_align=&#8221;left&#8221; background_image_as_pattern=&#8221;without_pattern&#8221; background_color=&#8221;#f4f5f9&#8243; padding_bottom=&#8221;150&#8243; z_index=&#8221;&#8221;][vc_column width=&#8221;1\/2&#8243;][vc_separator type=&#8221;transparent&#8221; up=&#8221;23&#8243; down=&#8221;0&#8243;][vc_single_image image=&#8221;15632&#8243; img_size=&#8221;full&#8221; qode_css_animation=&#8221;&#8221;][\/vc_column][vc_column width=&#8221;1\/2&#8243;][vc_separator type=&#8221;transparent&#8221; up=&#8221;23&#8243; down=&#8221;0&#8243;][vc_column_text]Soy entusiasta y promotora de la Alimentaci\u00f3n Cetog\u00e9nica (Low Carb, High Fat) y Ayuno Intermitente, con experiencia en pacientes con desequilibrio hormonal y metab\u00f3lico producto del sobrepeso y la obesidad que se han logrado revertir satisfactoriamente, de forma natural, dejando en muchas oportunidades tratamientos farmacol\u00f3gicos de larga data, con tan solo ense\u00f1arles a alimentarse y ayunar, disfrutando de los beneficios que ambas pr\u00e1cticas aportan para la salud logrando transformaciones hacia una mejor y mayor calidad de vida.<\/p>\n<p>&nbsp;<\/p>\n<p>Incursion\u00e9 en este estilo de vida luego de padecer por m\u00e1s 10 a\u00f1os de Colitis ulcerosa y de Es\u00f3fago de Barret. Tras experimentar diferentes tratamientos m\u00e9dicos y m\u00faltiples protocolos alimenticios (hiperproteica, hipo e hipercal\u00f3rica, batidos, jugos detox, entre otros) lograba cierta mejor\u00eda por unos meses de los s\u00edntomas, pero no revertir por completo la enfermedad hasta que me encontr\u00e9 con la alimentaci\u00f3n cetog\u00e9nica.[\/vc_column_text][vc_separator type=&#8221;transparent&#8221; up=&#8221;67&#8243; down=&#8221;0&#8243;]<a  itemprop=\"url\" href=\"https:\/\/depuramente.com\/index.php\/sobremi\/\" target=\"_self\"  class=\"qbutton  default\" style=\"\">\u00a1Conoce m\u00e1s de mi Camino!<\/a>[\/vc_column][\/vc_row]<\/p>\n","protected":false},"excerpt":{"rendered":"<p>[vc_row css_animation=&#8221;&#8221; row_type=&#8221;row&#8221; use_row_as_full_screen_section=&#8221;no&#8221; type=&#8221;full_width&#8221; angled_section=&#8221;no&#8221; text_align=&#8221;left&#8221; background_image_as_pattern=&#8221;without_pattern&#8221; background_color=&#8221;#ffffff&#8221;][vc_column][vc_separator type=&#8221;normal&#8221; color=&#8221;#e74c3c&#8221; thickness=&#8221;8&#8243; up=&#8221;0&#8243; down=&#8221;0&#8243;][\/vc_column][\/vc_row][vc_row css_animation=&#8221;&#8221; row_type=&#8221;row&#8221; use_row_as_full_screen_section=&#8221;no&#8221; type=&#8221;grid&#8221; angled_section=&#8221;no&#8221; text_align=&#8221;center&#8221; background_image_as_pattern=&#8221;without_pattern&#8221; padding_top=&#8221;100&#8243; padding_bottom=&#8221;110&#8243; background_color=&#8221;#ffffff&#8221; z_index=&#8221;&#8221;][vc_column offset=&#8221;vc_col-lg-offset-1 vc_col-lg-10 vc_col-md-offset-1 vc_col-md-10 vc_col-xs-12&#8243;][vc_column_text] \u00bfEst\u00e1s lista para DEPURAR tu Mente? [\/vc_column_text][vc_separator type=&#8221;small&#8221; position=&#8221;center&#8221; up=&#8221;17&#8243; down=&#8221;20&#8243; color=&#8221;#e74c3c&#8221; thickness=&#8221;2&#8243;][vc_column_text]Depuramente es un&#8230;<\/p>\n","protected":false},"author":1,"featured_media":0,"parent":0,"menu_order":0,"comment_status":"open","ping_status":"open","template":"full_width.php","meta":{"footnotes":""},"class_list":["post-14869","page","type-page","status-publish","hentry"],"_links":{"self":[{"href":"https:\/\/depuramente.com\/index.php\/wp-json\/wp\/v2\/pages\/14869","targetHints":{"allow":["GET"]}}],"collection":[{"href":"https:\/\/depuramente.com\/index.php\/wp-json\/wp\/v2\/pages"}],"about":[{"href":"https:\/\/depuramente.com\/index.php\/wp-json\/wp\/v2\/types\/page"}],"author":[{"embeddable":true,"href":"https:\/\/depuramente.com\/index.php\/wp-json\/wp\/v2\/users\/1"}],"replies":[{"embeddable":true,"href":"https:\/\/depuramente.com\/index.php\/wp-json\/wp\/v2\/comments?post=14869"}],"version-history":[{"count":19,"href":"https:\/\/depuramente.com\/index.php\/wp-json\/wp\/v2\/pages\/14869\/revisions"}],"predecessor-version":[{"id":16069,"href":"https:\/\/depuramente.com\/index.php\/wp-json\/wp\/v2\/pages\/14869\/revisions\/16069"}],"wp:attachment":[{"href":"https:\/\/depuramente.com\/index.php\/wp-json\/wp\/v2\/media?parent=14869"}],"curies":[{"name":"wp","href":"https:\/\/api.w.org\/{rel}","templated":true}]}}