{"id":14093,"date":"2014-03-26T14:44:33","date_gmt":"2014-03-26T14:44:33","guid":{"rendered":"http:\/\/demo.qodeinteractive.com\/bridge56\/?page_id=14093"},"modified":"2025-07-18T13:06:47","modified_gmt":"2025-07-18T16:06:47","slug":"citas","status":"publish","type":"page","link":"https:\/\/depuramente.com\/index.php\/citas\/","title":{"rendered":"Agenda tu cita"},"content":{"rendered":"<p>[vc_row css_animation=&#8221;&#8221; row_type=&#8221;row&#8221; use_row_as_full_screen_section=&#8221;no&#8221; type=&#8221;full_width&#8221; angled_section=&#8221;no&#8221; text_align=&#8221;left&#8221; background_image_as_pattern=&#8221;without_pattern&#8221;][vc_column][vc_column_text]<\/p>\n<h2 style=\"text-align: center;\"><strong>Programa de Atenci\u00f3n Integral Femenina (PAIF)<\/strong><\/h2>\n<p>[\/vc_column_text][\/vc_column][\/vc_row][vc_row css_animation=&#8221;&#8221; row_type=&#8221;row&#8221; use_row_as_full_screen_section=&#8221;no&#8221; type=&#8221;grid&#8221; angled_section=&#8221;no&#8221; text_align=&#8221;left&#8221; background_image_as_pattern=&#8221;without_pattern&#8221; padding_top=&#8221;87&#8243;][vc_column width=&#8221;1\/3&#8243;][vc_separator type=&#8221;transparent&#8221; up=&#8221;7&#8243; down=&#8221;0&#8243;][vc_single_image image=&#8221;15849&#8243; img_size=&#8221;full&#8221; qode_css_animation=&#8221;element_from_left&#8221; transition_delay=&#8221;0.3&#8243;][vc_separator type=&#8221;transparent&#8221; up=&#8221;15&#8243; down=&#8221;0&#8243;][\/vc_column][vc_column width=&#8221;2\/3&#8243;][vc_column_text]<\/p>\n<div>\n<h2>$97 USD \u2013 Exclusiva para pacientes por primera vez<\/h2>\n<\/div>\n<p>[\/vc_column_text][vc_separator type=&#8221;small&#8221; position=&#8221;left&#8221; down=&#8221;34&#8243; up=&#8221;7&#8243;][vc_column_text]<\/p>\n<div>\n<div>Evaluaci\u00f3n Inicial de Salud Femenina y Plan de Acci\u00f3n<\/div>\n<div><\/div>\n<div>\u00bfSientes que tu cuerpo est\u00e1 cambiando y no sabes por d\u00f3nde empezar?<\/div>\n<div><\/div>\n<div>Si est\u00e1s padeciendo:<\/div>\n<ul>\n<li>Aumento o p\u00e9rdida de peso persistente.<\/li>\n<li>Falta de energ\u00eda, concentraci\u00f3n, motivaci\u00f3n y capacidad para realizar tareas.<\/li>\n<li>Cambios en tu humor, sue\u00f1o o tu ciclo menstrual.<\/li>\n<li>Sequedad vaginal, p\u00e9rdida de libido, infecciones vaginales frecuentes.<\/li>\n<\/ul>\n<\/div>\n<p>[\/vc_column_text][vc_separator type=&#8221;transparent&#8221; up=&#8221;20&#8243; down=&#8221;16&#8243;][vc_column_text]<\/p>\n<h4><em><strong>\u00bfSab\u00edas que son m\u00e1s de 100 s\u00edntomas?<\/strong><\/em><\/h4>\n<p>[\/vc_column_text][vc_separator type=&#8221;transparent&#8221; up=&#8221;20&#8243; down=&#8221;16&#8243;]<a  itemprop=\"url\" href=\"https:\/\/depuramente.setmore.com\/\" target=\"_self\"  class=\"qbutton  default  qode-button-shadow\" style=\"\">Agenda tu cita<i class=\"qode_icon_font_awesome fa fa-calendar-check-o qode_button_icon_element\" style=\"color: #ffffff;\" ><\/i><\/a>[\/vc_column][\/vc_row][vc_row css_animation=&#8221;&#8221; row_type=&#8221;row&#8221; use_row_as_full_screen_section=&#8221;no&#8221; type=&#8221;full_width&#8221; angled_section=&#8221;no&#8221; text_align=&#8221;left&#8221; background_image_as_pattern=&#8221;without_pattern&#8221;][vc_column][vc_separator type=&#8221;transparent&#8221; up=&#8221;94&#8243; down=&#8221;0&#8243;][\/vc_column][\/vc_row][vc_row css_animation=&#8221;&#8221; row_type=&#8221;row&#8221; use_row_as_full_screen_section=&#8221;no&#8221; type=&#8221;grid&#8221; angled_section=&#8221;no&#8221; text_align=&#8221;left&#8221; background_image_as_pattern=&#8221;without_pattern&#8221; padding_top=&#8221;87&#8243; background_color=&#8221;#ffffff&#8221;][vc_column width=&#8221;2\/3&#8243;][vc_column_text]<\/p>\n<h2>\u00bfEn qu\u00e9 consiste?<\/h2>\n<p>[\/vc_column_text][vc_separator type=&#8221;small&#8221; position=&#8221;left&#8221; down=&#8221;34&#8243; up=&#8221;7&#8243;][vc_column_text]<\/p>\n<div>\n<div>Esta consulta es el primer paso para entender lo que est\u00e1 pasando y planificar tu proceso integral de regulaci\u00f3n hormonal.<\/div>\n<\/div>\n<p>[\/vc_column_text][vc_separator type=&#8221;transparent&#8221; down=&#8221;34&#8243; up=&#8221;7&#8243;][vc_column_text]<\/p>\n<div>\n<div><strong>\u00bfQu\u00e9 haremos en esta sesi\u00f3n?<\/strong><\/div>\n<div><\/div>\n<div>\ud83d\udd0d Revisar tu caso a fondo: S\u00edntomas, antecedentes y todo aquello que est\u00e1 afectando tu bienestar hoy.<\/div>\n<div><\/div>\n<div>\ud83e\udded Trazaremos un plan de acci\u00f3n realista: Te explicar\u00e9 c\u00f3mo vamos a trabajar juntas durante las pr\u00f3ximas semanas.<\/div>\n<div><\/div>\n<div>\u2699 Definiremos los pr\u00f3ximos pasos: los estudios que necesitas, los cambios que debes hacer en tu alimentaci\u00f3n, suplementos y terapia hormonal (si aplica) con el uso y dosis ajustadas a tus necesidades.<\/div>\n<\/div>\n<p>[\/vc_column_text][vc_separator type=&#8221;transparent&#8221; up=&#8221;20&#8243; down=&#8221;16&#8243;][vc_separator type=&#8221;transparent&#8221; up=&#8221;15&#8243; down=&#8221;0&#8243;]<a  itemprop=\"url\" href=\"https:\/\/depuramente.setmore.com\/\" target=\"_self\"  class=\"qbutton  default  qode-button-shadow\" style=\"\">Agenda tu cita<i class=\"qode_icon_font_awesome fa fa-calendar-check-o qode_button_icon_element\" style=\"color: #ffffff;\" ><\/i><\/a>[\/vc_column][vc_column width=&#8221;1\/3&#8243;][vc_separator type=&#8221;transparent&#8221; up=&#8221;7&#8243; down=&#8221;0&#8243;][vc_single_image image=&#8221;14097&#8243; img_size=&#8221;full&#8221; qode_css_animation=&#8221;element_from_right&#8221; transition_delay=&#8221;0.3&#8243;][\/vc_column][\/vc_row][vc_row css_animation=&#8221;&#8221; row_type=&#8221;row&#8221; use_row_as_full_screen_section=&#8221;no&#8221; type=&#8221;full_width&#8221; angled_section=&#8221;no&#8221; text_align=&#8221;left&#8221; background_image_as_pattern=&#8221;without_pattern&#8221; background_color=&#8221;#ffffff&#8221;][vc_column][vc_separator type=&#8221;transparent&#8221; up=&#8221;94&#8243; down=&#8221;0&#8243;][\/vc_column][\/vc_row][vc_row css_animation=&#8221;&#8221; row_type=&#8221;row&#8221; use_row_as_full_screen_section=&#8221;no&#8221; type=&#8221;grid&#8221; angled_section=&#8221;no&#8221; text_align=&#8221;left&#8221; background_image_as_pattern=&#8221;without_pattern&#8221; padding_top=&#8221;87&#8243;][vc_column width=&#8221;1\/3&#8243;][vc_separator type=&#8221;transparent&#8221; up=&#8221;7&#8243; down=&#8221;0&#8243;][vc_single_image image=&#8221;14097&#8243; img_size=&#8221;full&#8221; qode_css_animation=&#8221;element_from_left&#8221; transition_delay=&#8221;0.3&#8243;][vc_separator type=&#8221;transparent&#8221; up=&#8221;15&#8243; down=&#8221;0&#8243;][\/vc_column][vc_column width=&#8221;2\/3&#8243;][vc_column_text]<\/p>\n<h2 style=\"text-align: left;\"><strong>IMPORTANTE<\/strong><\/h2>\n<p>[\/vc_column_text][vc_separator type=&#8221;small&#8221; position=&#8221;left&#8221; down=&#8221;34&#8243; up=&#8221;7&#8243;][vc_column_text]<\/p>\n<div>Esta sesi\u00f3n no es un diagn\u00f3stico aislado ni un tratamiento \u00fanico.<\/div>\n<div>Es el inicio de un proceso de, al menos, 90 d\u00edas, donde trabajaremos juntas en un seguimiento m\u00e9dico, nutricional y de estilo de vida adaptado a ti.<\/div>\n<p>[\/vc_column_text][vc_separator type=&#8221;transparent&#8221; down=&#8221;34&#8243; up=&#8221;7&#8243;][vc_column_text]<\/p>\n<h4><strong>\u00bfPor qu\u00e9 lo hago as\u00ed?<\/strong><\/h4>\n<div>Porque tu cuerpo necesita un plan sostenible que debe ser monitoreado y ajustado hasta alcanzar el resultado deseado, no soluciones r\u00e1pidas o improvisadas.<\/div>\n<p>[\/vc_column_text][vc_separator type=&#8221;transparent&#8221; up=&#8221;20&#8243; down=&#8221;16&#8243;][\/vc_column][\/vc_row]<\/p>\n","protected":false},"excerpt":{"rendered":"<p>[vc_row css_animation=&#8221;&#8221; row_type=&#8221;row&#8221; use_row_as_full_screen_section=&#8221;no&#8221; type=&#8221;full_width&#8221; angled_section=&#8221;no&#8221; text_align=&#8221;left&#8221; background_image_as_pattern=&#8221;without_pattern&#8221;][vc_column][vc_column_text] Programa de Atenci\u00f3n Integral Femenina (PAIF) [\/vc_column_text][\/vc_column][\/vc_row][vc_row css_animation=&#8221;&#8221; row_type=&#8221;row&#8221; use_row_as_full_screen_section=&#8221;no&#8221; type=&#8221;grid&#8221; angled_section=&#8221;no&#8221; text_align=&#8221;left&#8221; background_image_as_pattern=&#8221;without_pattern&#8221; padding_top=&#8221;87&#8243;][vc_column width=&#8221;1\/3&#8243;][vc_separator type=&#8221;transparent&#8221; up=&#8221;7&#8243; down=&#8221;0&#8243;][vc_single_image image=&#8221;15849&#8243; img_size=&#8221;full&#8221; qode_css_animation=&#8221;element_from_left&#8221; transition_delay=&#8221;0.3&#8243;][vc_separator type=&#8221;transparent&#8221; up=&#8221;15&#8243; down=&#8221;0&#8243;][\/vc_column][vc_column width=&#8221;2\/3&#8243;][vc_column_text] $97 USD \u2013 Exclusiva para pacientes por primera vez [\/vc_column_text][vc_separator&#8230;<\/p>\n","protected":false},"author":1,"featured_media":0,"parent":0,"menu_order":0,"comment_status":"open","ping_status":"open","template":"full_width.php","meta":{"footnotes":""},"class_list":["post-14093","page","type-page","status-publish","hentry"],"_links":{"self":[{"href":"https:\/\/depuramente.com\/index.php\/wp-json\/wp\/v2\/pages\/14093","targetHints":{"allow":["GET"]}}],"collection":[{"href":"https:\/\/depuramente.com\/index.php\/wp-json\/wp\/v2\/pages"}],"about":[{"href":"https:\/\/depuramente.com\/index.php\/wp-json\/wp\/v2\/types\/page"}],"author":[{"embeddable":true,"href":"https:\/\/depuramente.com\/index.php\/wp-json\/wp\/v2\/users\/1"}],"replies":[{"embeddable":true,"href":"https:\/\/depuramente.com\/index.php\/wp-json\/wp\/v2\/comments?post=14093"}],"version-history":[{"count":23,"href":"https:\/\/depuramente.com\/index.php\/wp-json\/wp\/v2\/pages\/14093\/revisions"}],"predecessor-version":[{"id":16087,"href":"https:\/\/depuramente.com\/index.php\/wp-json\/wp\/v2\/pages\/14093\/revisions\/16087"}],"wp:attachment":[{"href":"https:\/\/depuramente.com\/index.php\/wp-json\/wp\/v2\/media?parent=14093"}],"curies":[{"name":"wp","href":"https:\/\/api.w.org\/{rel}","templated":true}]}}